{"id":16464,"date":"2024-08-29T15:42:58","date_gmt":"2024-08-29T15:42:58","guid":{"rendered":"https:\/\/kzs.zez.temporary.site\/website_62a32aad\/privacy-policy\/"},"modified":"2024-09-16T03:24:53","modified_gmt":"2024-09-16T03:24:53","slug":"politica-de-privacidad","status":"publish","type":"page","link":"https:\/\/cavannidesign.com\/es\/politica-de-privacidad\/","title":{"rendered":"Pol\u00edtica de privacidad"},"content":{"rendered":"\t\t<div data-elementor-type=\"wp-page\" data-elementor-id=\"16464\" class=\"elementor elementor-16464\" data-elementor-post-type=\"page\">\n\t\t\t\t<div class=\"wd-negative-gap elementor-element elementor-element-16429a32 e-flex e-con-boxed e-con e-parent\" data-id=\"16429a32\" data-element_type=\"container\">\n\t\t\t\t\t<div class=\"e-con-inner\">\n\t\t\t\t<div class=\"elementor-element elementor-element-b6f589f wd-width-100 elementor-widget elementor-widget-wd_title\" data-id=\"b6f589f\" data-element_type=\"widget\" data-widget_type=\"wd_title.default\">\n\t\t\t\t<div class=\"elementor-widget-container\">\n\t\t\t\t\t\t\t<div class=\"title-wrapper set-mb-s reset-last-child wd-title-color-default wd-title-style-default wd-title-size-default text-left\">\n\n\t\t\t\n\t\t\t<div class=\"liner-continer\">\n\t\t\t\t<h4 class=\"woodmart-title-container title wd-fontsize-l\">Seguridad y Protecci\u00f3n de Datos Personales<\/h4> \n\t\t\t\t\t\t\t<\/div>\n\n\t\t\t\t\t<\/div>\n\t\t\t\t\t\t<\/div>\n\t\t\t\t<\/div>\n\t\t\t\t<div class=\"elementor-element elementor-element-8c30fee elementor-widget elementor-widget-wd_text_block\" data-id=\"8c30fee\" data-element_type=\"widget\" data-widget_type=\"wd_text_block.default\">\n\t\t\t\t<div class=\"elementor-widget-container\">\n\t\t\t\t\t\t\t<div class=\"wd-text-block reset-last-child text-left\">\n\t\t\t\n\t\t\t<p>Este sitio recopila datos a trav\u00e9s de un formulario de comentarios que permite a los usuarios solicitar informaci\u00f3n sobre Cavanni Design, sus productos y servicios. La seguridad de los datos personales de nuestros clientes es una prioridad para Cavanni Design. La informaci\u00f3n recopilada se utiliza exclusivamente para responder a las solicitudes de los usuarios, que pueden incluir comunicados de prensa de Cavanni Design. Si los datos de contacto del usuario se incluyen en los correos, s\u00f3lo se utilizar\u00e1n para este fin.<\/p>\n\t\t\t\t\t<\/div>\n\t\t\t\t\t\t<\/div>\n\t\t\t\t<\/div>\n\t\t\t\t<div class=\"elementor-element elementor-element-5a5b1cb wd-width-100 elementor-widget elementor-widget-wd_title\" data-id=\"5a5b1cb\" data-element_type=\"widget\" data-widget_type=\"wd_title.default\">\n\t\t\t\t<div class=\"elementor-widget-container\">\n\t\t\t\t\t\t\t<div class=\"title-wrapper set-mb-s reset-last-child wd-title-color-default wd-title-style-default wd-title-size-default text-left\">\n\n\t\t\t\n\t\t\t<div class=\"liner-continer\">\n\t\t\t\t<h4 class=\"woodmart-title-container title wd-fontsize-l\">Privacidad<\/h4> \n\t\t\t\t\t\t\t<\/div>\n\n\t\t\t\t\t<\/div>\n\t\t\t\t\t\t<\/div>\n\t\t\t\t<\/div>\n\t\t\t\t<div class=\"elementor-element elementor-element-09b2537 elementor-widget elementor-widget-wd_text_block\" data-id=\"09b2537\" data-element_type=\"widget\" data-widget_type=\"wd_text_block.default\">\n\t\t\t\t<div class=\"elementor-widget-container\">\n\t\t\t\t\t\t\t<div class=\"wd-text-block reset-last-child text-left\">\n\t\t\t\n\t\t\t<p><strong>Cavanni Design<\/strong> respeta la privacidad de sus clientes. Toda la informaci\u00f3n proporcionada ser\u00e1 salvaguardada, asegurando su integridad. La informaci\u00f3n de registro se utiliza exclusivamente para recibir material de marketing que el usuario haya optado por proporcionar durante el proceso de registro.<\/p>\n\t\t\t\t\t<\/div>\n\t\t\t\t\t\t<\/div>\n\t\t\t\t<\/div>\n\t\t\t\t<div class=\"elementor-element elementor-element-1d45e23 wd-width-100 elementor-widget elementor-widget-wd_title\" data-id=\"1d45e23\" data-element_type=\"widget\" data-widget_type=\"wd_title.default\">\n\t\t\t\t<div class=\"elementor-widget-container\">\n\t\t\t\t\t\t\t<div class=\"title-wrapper set-mb-s reset-last-child wd-title-color-default wd-title-style-default wd-title-size-default text-left\">\n\n\t\t\t\n\t\t\t<div class=\"liner-continer\">\n\t\t\t\t<h4 class=\"woodmart-title-container title wd-fontsize-l\">Registro de usuario<\/h4> \n\t\t\t\t\t\t\t<\/div>\n\n\t\t\t\t\t<\/div>\n\t\t\t\t\t\t<\/div>\n\t\t\t\t<\/div>\n\t\t\t\t<div class=\"elementor-element elementor-element-d9c1e27 elementor-widget elementor-widget-wd_text_block\" data-id=\"d9c1e27\" data-element_type=\"widget\" data-widget_type=\"wd_text_block.default\">\n\t\t\t\t<div class=\"elementor-widget-container\">\n\t\t\t\t\t\t\t<div class=\"wd-text-block reset-last-child text-left\">\n\t\t\t\n\t\t\t<p>Para acceder a opciones como compras online, consejos e ideas, el usuario debe registrarse en el sitio web de Cavanni Design. Los usuarios registrados tienen la opci\u00f3n de cambiar los permisos y dejar de recibir comunicaciones.<\/p>\n\t\t\t\t\t<\/div>\n\t\t\t\t\t\t<\/div>\n\t\t\t\t<\/div>\n\t\t\t\t<div class=\"elementor-element elementor-element-0dd5397 wd-width-100 elementor-widget elementor-widget-wd_title\" data-id=\"0dd5397\" data-element_type=\"widget\" data-widget_type=\"wd_title.default\">\n\t\t\t\t<div class=\"elementor-widget-container\">\n\t\t\t\t\t\t\t<div class=\"title-wrapper set-mb-s reset-last-child wd-title-color-default wd-title-style-default wd-title-size-default text-left\">\n\n\t\t\t\n\t\t\t<div class=\"liner-continer\">\n\t\t\t\t<h4 class=\"woodmart-title-container title wd-fontsize-l\">Cookies<\/h4> \n\t\t\t\t\t\t\t<\/div>\n\n\t\t\t\t\t<\/div>\n\t\t\t\t\t\t<\/div>\n\t\t\t\t<\/div>\n\t\t\t\t<div class=\"elementor-element elementor-element-2a77ae1 elementor-widget elementor-widget-wd_text_block\" data-id=\"2a77ae1\" data-element_type=\"widget\" data-widget_type=\"wd_text_block.default\">\n\t\t\t\t<div class=\"elementor-widget-container\">\n\t\t\t\t\t\t\t<div class=\"wd-text-block reset-last-child text-left\">\n\t\t\t\n\t\t\t<p><strong>Cavanni Design<\/strong> puede utilizar cookies para mejorar la experiencia del usuario y facilitar la transferencia de informaci\u00f3n entre el sitio y el individuo. La informaci\u00f3n enviada a este sitio no ser\u00e1 compartida ni vendida a ninguna otra parte a menos que el usuario lo autorice espec\u00edficamente.<\/p>\n\t\t\t\t\t<\/div>\n\t\t\t\t\t\t<\/div>\n\t\t\t\t<\/div>\n\t\t\t\t<div class=\"elementor-element elementor-element-c58cb46 wd-width-100 elementor-widget elementor-widget-wd_title\" data-id=\"c58cb46\" data-element_type=\"widget\" data-widget_type=\"wd_title.default\">\n\t\t\t\t<div class=\"elementor-widget-container\">\n\t\t\t\t\t\t\t<div class=\"title-wrapper set-mb-s reset-last-child wd-title-color-default wd-title-style-default wd-title-size-default text-left\">\n\n\t\t\t\n\t\t\t<div class=\"liner-continer\">\n\t\t\t\t<h4 class=\"woodmart-title-container title wd-fontsize-l\">Correcci\u00f3n\/Actualizaci\u00f3n de Informaci\u00f3n Personal<\/h4> \n\t\t\t\t\t\t\t<\/div>\n\n\t\t\t\t\t<\/div>\n\t\t\t\t\t\t<\/div>\n\t\t\t\t<\/div>\n\t\t\t\t<div class=\"elementor-element elementor-element-8665037 elementor-widget elementor-widget-wd_text_block\" data-id=\"8665037\" data-element_type=\"widget\" data-widget_type=\"wd_text_block.default\">\n\t\t\t\t<div class=\"elementor-widget-container\">\n\t\t\t\t\t\t\t<div class=\"wd-text-block reset-last-child text-left\">\n\t\t\t\n\t\t\t<p>Los usuarios habituales pueden cambiar o modificar la informaci\u00f3n previamente registrada en este sitio accediendo al \u00e1rea de usuarios y corrigiendo o actualizando su informaci\u00f3n.<\/p>\n\t\t\t\t\t<\/div>\n\t\t\t\t\t\t<\/div>\n\t\t\t\t<\/div>\n\t\t\t\t<div class=\"elementor-element elementor-element-0d57c5e wd-width-100 elementor-widget elementor-widget-wd_title\" data-id=\"0d57c5e\" data-element_type=\"widget\" data-widget_type=\"wd_title.default\">\n\t\t\t\t<div class=\"elementor-widget-container\">\n\t\t\t\t\t\t\t<div class=\"title-wrapper set-mb-s reset-last-child wd-title-color-default wd-title-style-default wd-title-size-default text-left\">\n\n\t\t\t\n\t\t\t<div class=\"liner-continer\">\n\t\t\t\t<h4 class=\"woodmart-title-container title wd-fontsize-l\">Protecci\u00f3n contra el uso indebido de informaci\u00f3n personal<\/h4> \n\t\t\t\t\t\t\t<\/div>\n\n\t\t\t\t\t<\/div>\n\t\t\t\t\t\t<\/div>\n\t\t\t\t<\/div>\n\t\t\t\t<div class=\"elementor-element elementor-element-fb4279f elementor-widget elementor-widget-wd_text_block\" data-id=\"fb4279f\" data-element_type=\"widget\" data-widget_type=\"wd_text_block.default\">\n\t\t\t\t<div class=\"elementor-widget-container\">\n\t\t\t\t\t\t\t<div class=\"wd-text-block reset-last-child text-left\">\n\t\t\t\n\t\t\t<p><strong>Cavanni Design<\/strong> implementa medidas para proteger contra la p\u00e9rdida, mal uso y alteraci\u00f3n de la informaci\u00f3n bajo nuestro control. El acceso a esta informaci\u00f3n est\u00e1 limitado a quienes necesitan cumplir con las solicitudes de los usuarios, y los procedimientos de seguridad incluyen claves de acceso y protecci\u00f3n f\u00edsica.<\/p>\n\t\t\t\t\t<\/div>\n\t\t\t\t\t\t<\/div>\n\t\t\t\t<\/div>\n\t\t\t\t<div class=\"elementor-element elementor-element-73fc471 wd-width-100 elementor-widget elementor-widget-wd_title\" data-id=\"73fc471\" data-element_type=\"widget\" data-widget_type=\"wd_title.default\">\n\t\t\t\t<div class=\"elementor-widget-container\">\n\t\t\t\t\t\t\t<div class=\"title-wrapper set-mb-s reset-last-child wd-title-color-default wd-title-style-default wd-title-size-default text-left\">\n\n\t\t\t\n\t\t\t<div class=\"liner-continer\">\n\t\t\t\t<h4 class=\"woodmart-title-container title wd-fontsize-l\">Recomendaciones para la protecci\u00f3n de la privacidad<\/h4> \n\t\t\t\t\t\t\t<\/div>\n\n\t\t\t\t\t<\/div>\n\t\t\t\t\t\t<\/div>\n\t\t\t\t<\/div>\n\t\t\t\t<div class=\"elementor-element elementor-element-e9e71cb elementor-widget elementor-widget-wd_text_block\" data-id=\"e9e71cb\" data-element_type=\"widget\" data-widget_type=\"wd_text_block.default\">\n\t\t\t\t<div class=\"elementor-widget-container\">\n\t\t\t\t\t\t\t<div class=\"wd-text-block reset-last-child text-left\">\n\t\t\t\n\t\t\t<p>Se recomienda que los usuarios cierren sesi\u00f3n al abandonar el sitio web, especialmente cuando utilicen ordenadores p\u00fablicos o de terceros. Los usuarios son responsables de su clave de seguridad y Cavanni Design no es responsable del uso indebido de esta clave en transacciones no autorizadas.<\/p>\n\t\t\t\t\t<\/div>\n\t\t\t\t\t\t<\/div>\n\t\t\t\t<\/div>\n\t\t\t\t<div class=\"elementor-element elementor-element-29a2441 wd-width-100 elementor-widget elementor-widget-wd_title\" data-id=\"29a2441\" data-element_type=\"widget\" data-widget_type=\"wd_title.default\">\n\t\t\t\t<div class=\"elementor-widget-container\">\n\t\t\t\t\t\t\t<div class=\"title-wrapper set-mb-s reset-last-child wd-title-color-default wd-title-style-default wd-title-size-default text-left\">\n\n\t\t\t\n\t\t\t<div class=\"liner-continer\">\n\t\t\t\t<h4 class=\"woodmart-title-container title wd-fontsize-l\">C\u00f3mo dejar de recibir comunicaciones futuras<\/h4> \n\t\t\t\t\t\t\t<\/div>\n\n\t\t\t\t\t<\/div>\n\t\t\t\t\t\t<\/div>\n\t\t\t\t<\/div>\n\t\t\t\t<div class=\"elementor-element elementor-element-69f40b3 elementor-widget elementor-widget-wd_text_block\" data-id=\"69f40b3\" data-element_type=\"widget\" data-widget_type=\"wd_text_block.default\">\n\t\t\t\t<div class=\"elementor-widget-container\">\n\t\t\t\t\t\t\t<div class=\"wd-text-block reset-last-child text-left\">\n\t\t\t\n\t\t\t<p>Los usuarios habituales pueden optar por no recibir correos futuros; consulte la secci\u00f3n &lt;eliminarme de la lista de correo&gt;. Los usuarios registrados que deseen dejar de recibir la newsletter pueden solicitarlo en el apartado &lt;Preferencias de correo electr\u00f3nico&gt;.<\/p>\n\t\t\t\t\t<\/div>\n\t\t\t\t\t\t<\/div>\n\t\t\t\t<\/div>\n\t\t\t\t<div class=\"elementor-element elementor-element-f64ddbb wd-width-100 elementor-widget elementor-widget-wd_title\" data-id=\"f64ddbb\" data-element_type=\"widget\" data-widget_type=\"wd_title.default\">\n\t\t\t\t<div class=\"elementor-widget-container\">\n\t\t\t\t\t\t\t<div class=\"title-wrapper set-mb-s reset-last-child wd-title-color-default wd-title-style-default wd-title-size-default text-left\">\n\n\t\t\t\n\t\t\t<div class=\"liner-continer\">\n\t\t\t\t<h4 class=\"woodmart-title-container title wd-fontsize-l\">Notificaciones de Cambios a la Pol\u00edtica de Privacidad<\/h4> \n\t\t\t\t\t\t\t<\/div>\n\n\t\t\t\t\t<\/div>\n\t\t\t\t\t\t<\/div>\n\t\t\t\t<\/div>\n\t\t\t\t<div class=\"elementor-element elementor-element-4b1dbb4 elementor-widget elementor-widget-wd_text_block\" data-id=\"4b1dbb4\" data-element_type=\"widget\" data-widget_type=\"wd_text_block.default\">\n\t\t\t\t<div class=\"elementor-widget-container\">\n\t\t\t\t\t\t\t<div class=\"wd-text-block reset-last-child text-left\">\n\t\t\t\n\t\t\t<p>Cualquier cambio en la Pol\u00edtica de Privacidad de <strong>Cavanni Design<\/strong> que afecte las pr\u00e1cticas descritas en este sitio se comunicar\u00e1 aqu\u00ed. Dichos cambios no afectar\u00e1n la informaci\u00f3n recopilada previamente por este sitio.<\/p>\n\t\t\t\t\t<\/div>\n\t\t\t\t\t\t<\/div>\n\t\t\t\t<\/div>\n\t\t\t\t\t<\/div>\n\t\t\t\t<\/div>\n\t\t\t\t<\/div>\n\t\t","protected":false},"excerpt":{"rendered":"<p>Seguridad y Protecci\u00f3n de Datos Personales Este sitio recopila datos a trav\u00e9s de un formulario de comentarios que permite a<\/p>\n","protected":false},"author":1,"featured_media":0,"parent":0,"menu_order":0,"comment_status":"closed","ping_status":"closed","template":"","meta":{"footnotes":""},"class_list":["post-16464","page","type-page","status-publish","hentry"],"_links":{"self":[{"href":"https:\/\/cavannidesign.com\/es\/wp-json\/wp\/v2\/pages\/16464","targetHints":{"allow":["GET"]}}],"collection":[{"href":"https:\/\/cavannidesign.com\/es\/wp-json\/wp\/v2\/pages"}],"about":[{"href":"https:\/\/cavannidesign.com\/es\/wp-json\/wp\/v2\/types\/page"}],"author":[{"embeddable":true,"href":"https:\/\/cavannidesign.com\/es\/wp-json\/wp\/v2\/users\/1"}],"replies":[{"embeddable":true,"href":"https:\/\/cavannidesign.com\/es\/wp-json\/wp\/v2\/comments?post=16464"}],"version-history":[{"count":3,"href":"https:\/\/cavannidesign.com\/es\/wp-json\/wp\/v2\/pages\/16464\/revisions"}],"predecessor-version":[{"id":16471,"href":"https:\/\/cavannidesign.com\/es\/wp-json\/wp\/v2\/pages\/16464\/revisions\/16471"}],"wp:attachment":[{"href":"https:\/\/cavannidesign.com\/es\/wp-json\/wp\/v2\/media?parent=16464"}],"curies":[{"name":"wp","href":"https:\/\/api.w.org\/{rel}","templated":true}]}}