{"id":31660,"date":"2024-09-18T15:26:56","date_gmt":"2024-09-18T15:26:56","guid":{"rendered":"https:\/\/kzs.zez.temporary.site\/website_62a32aad\/all-collections\/"},"modified":"2024-12-22T05:24:58","modified_gmt":"2024-12-22T05:24:58","slug":"nuestras-colecciones","status":"publish","type":"page","link":"https:\/\/cavannidesign.com\/es\/nuestras-colecciones\/","title":{"rendered":"Nuestras Colecciones"},"content":{"rendered":"\t\t<div data-elementor-type=\"wp-page\" data-elementor-id=\"31660\" class=\"elementor elementor-31660\" data-elementor-post-type=\"page\">\n\t\t\t\t<div class=\"wd-negative-gap elementor-element elementor-element-7c89a4d wd-section-stretch e-flex e-con-boxed e-con e-parent\" data-id=\"7c89a4d\" data-element_type=\"container\" data-settings=\"{&quot;background_background&quot;:&quot;classic&quot;}\">\n\t\t\t\t\t<div class=\"e-con-inner\">\n\t\t<div class=\"elementor-element elementor-element-390ce0c wd_scroll_x_0 wd_scroll_y_-40 wd_scroll_z_0 wd-parallax-on-scroll e-con-full e-flex wd_scroll_smoothness_30 e-con e-child\" data-id=\"390ce0c\" data-element_type=\"container\">\n\t\t\t\t<div class=\"elementor-element elementor-element-75d9642 elementor-widget elementor-widget-image\" data-id=\"75d9642\" data-element_type=\"widget\" data-widget_type=\"image.default\">\n\t\t\t\t<div class=\"elementor-widget-container\">\n\t\t\t\t\t\t\t\t\t\t\t\t\t\t\t<img decoding=\"async\" width=\"180\" height=\"100\" src=\"https:\/\/cavannidesign.com\/wp-content\/uploads\/2024\/09\/brand-montblanc-WHITE.png\" class=\"attachment-full size-full wp-image-16496\" alt=\"\" srcset=\"https:\/\/cavannidesign.com\/wp-content\/uploads\/2024\/09\/brand-montblanc-WHITE.png 180w, https:\/\/cavannidesign.com\/wp-content\/uploads\/2024\/09\/brand-montblanc-WHITE-150x83.png 150w\" sizes=\"(max-width: 180px) 100vw, 180px\" \/>\t\t\t\t\t\t\t\t\t\t\t\t\t\t\t<\/div>\n\t\t\t\t<\/div>\n\t\t\t\t<div class=\"elementor-element elementor-element-37bad2e wd-width-100 elementor-widget elementor-widget-wd_title\" data-id=\"37bad2e\" data-element_type=\"widget\" data-widget_type=\"wd_title.default\">\n\t\t\t\t<div class=\"elementor-widget-container\">\n\t\t\t\t\t\t\t<div class=\"title-wrapper set-mb-s reset-last-child wd-title-color-white wd-title-style-default wd-title-size-extra-large text-left\">\n\n\t\t\t\n\t\t\t<div class=\"liner-continer\">\n\t\t\t\t<h4 class=\"woodmart-title-container title wd-fontsize-xxxl\">MUEBLES ELEGANTES &amp; CREATIVOS<\/h4> \n\t\t\t\t\t\t\t<\/div>\n\n\t\t\t\t\t\t\t<div class=\"title-after_title set-cont-mb-s reset-last-child wd-fontsize-s\">\n\t\t\t\t\t<p>La elegancia se encuentra con la funcionalidad en cada pieza. Dise\u00f1ados cuidadosamente para la vida moderna, nuestros muebles combinan estilo y comodidad, haciendo que cada espacio se sienta \u00fanico.<\/p>\t\t\t\t<\/div>\n\t\t\t\t\t<\/div>\n\t\t\t\t\t\t<\/div>\n\t\t\t\t<\/div>\n\t\t<div class=\"wd-negative-gap elementor-element elementor-element-ccb42b8 e-flex e-con-boxed e-con e-child\" data-id=\"ccb42b8\" data-element_type=\"container\">\n\t\t\t\t\t<div class=\"e-con-inner\">\n\t\t\t\t<div class=\"elementor-element elementor-element-cb529e6 elementor-widget__width-auto elementor-widget elementor-widget-wd_button\" data-id=\"cb529e6\" data-element_type=\"widget\" data-widget_type=\"wd_button.default\">\n\t\t\t\t<div class=\"elementor-widget-container\">\n\t\t\t\t\t\t\t<div class=\"wd-button-wrapper text-center\" >\n\t\t\t<a class=\"btn btn-style-default btn-style-rectangle btn-size-default btn-color-white btn-icon-pos-right\"  href=\"https:\/\/cavannidesign.com\/product-tag\/montblanc-customize\/\">\n\t\t\t\t<span class=\"wd-btn-text\" data-elementor-setting-key=\"text\">\n\t\t\t\t\tPRODUCTOS PERSONALIZADOS\t\t\t\t<\/span>\n\n\t\t\t\t\t\t\t<\/a>\n\t\t<\/div>\n\t\t\t\t\t\t<\/div>\n\t\t\t\t<\/div>\n\t\t\t\t<div class=\"elementor-element elementor-element-7305a8e elementor-widget__width-auto elementor-widget elementor-widget-wd_button\" data-id=\"7305a8e\" data-element_type=\"widget\" data-widget_type=\"wd_button.default\">\n\t\t\t\t<div class=\"elementor-widget-container\">\n\t\t\t\t\t\t\t<div class=\"wd-button-wrapper text-center\" >\n\t\t\t<a class=\"btn btn-style-bordered btn-style-rectangle btn-size-default btn-color-white btn-icon-pos-right\"  href=\"https:\/\/cavannidesign.com\/shop\/?filter_brand=montblanc\">\n\t\t\t\t<span class=\"wd-btn-text\" data-elementor-setting-key=\"text\">\n\t\t\t\t\tVER COLECCI\u00d3N\t\t\t\t<\/span>\n\n\t\t\t\t\t\t\t<\/a>\n\t\t<\/div>\n\t\t\t\t\t\t<\/div>\n\t\t\t\t<\/div>\n\t\t\t\t\t<\/div>\n\t\t\t\t<\/div>\n\t\t\t\t<\/div>\n\t\t\t\t\t<\/div>\n\t\t\t\t<\/div>\n\t\t<div class=\"wd-negative-gap elementor-element elementor-element-327f1ee wd-section-stretch test e-flex e-con-boxed e-con e-parent\" data-id=\"327f1ee\" data-element_type=\"container\" data-settings=\"{&quot;background_background&quot;:&quot;classic&quot;}\">\n\t\t\t\t\t<div class=\"e-con-inner\">\n\t\t<div class=\"elementor-element elementor-element-ece2b16 wd_scroll_x_0 wd_scroll_y_-40 wd_scroll_z_0 wd-parallax-on-scroll e-con-full e-flex wd_scroll_smoothness_30 e-con e-child\" data-id=\"ece2b16\" data-element_type=\"container\">\n\t\t\t\t<div class=\"elementor-element elementor-element-b49ab8f elementor-widget elementor-widget-image\" data-id=\"b49ab8f\" data-element_type=\"widget\" data-widget_type=\"image.default\">\n\t\t\t\t<div class=\"elementor-widget-container\">\n\t\t\t\t\t\t\t\t\t\t\t\t\t\t\t<img decoding=\"async\" width=\"180\" height=\"100\" src=\"https:\/\/cavannidesign.com\/wp-content\/uploads\/2024\/09\/brand-boston-WHITE.png\" class=\"attachment-full size-full wp-image-16498\" alt=\"\" srcset=\"https:\/\/cavannidesign.com\/wp-content\/uploads\/2024\/09\/brand-boston-WHITE.png 180w, https:\/\/cavannidesign.com\/wp-content\/uploads\/2024\/09\/brand-boston-WHITE-150x83.png 150w\" sizes=\"(max-width: 180px) 100vw, 180px\" \/>\t\t\t\t\t\t\t\t\t\t\t\t\t\t\t<\/div>\n\t\t\t\t<\/div>\n\t\t\t\t<div class=\"elementor-element elementor-element-5eb0a71 wd-width-100 elementor-widget elementor-widget-wd_title\" data-id=\"5eb0a71\" data-element_type=\"widget\" data-widget_type=\"wd_title.default\">\n\t\t\t\t<div class=\"elementor-widget-container\">\n\t\t\t\t\t\t\t<div class=\"title-wrapper set-mb-s reset-last-child wd-title-color-white wd-title-style-default wd-title-size-extra-large text-left\">\n\n\t\t\t\n\t\t\t<div class=\"liner-continer\">\n\t\t\t\t<h4 class=\"woodmart-title-container title wd-fontsize-xxxl\">EQUILIBRIO URBANO-NATURAL PARA UNA VIDA AL AIRE LIBRE LLENA DE VITALIDAD<\/h4> \n\t\t\t\t\t\t\t<\/div>\n\n\t\t\t\t\t\t\t<div class=\"title-after_title set-cont-mb-s reset-last-child wd-fontsize-s\">\n\t\t\t\t\t<p>Dise\u00f1ada para quienes buscan simplicidad sin sacrificar elegancia, esta colecci\u00f3n aporta una energ\u00eda c\u00e1lida y vibrante a cualquier espacio al aire libre.<\/p>\t\t\t\t<\/div>\n\t\t\t\t\t<\/div>\n\t\t\t\t\t\t<\/div>\n\t\t\t\t<\/div>\n\t\t<div class=\"wd-negative-gap elementor-element elementor-element-053b0cc e-flex e-con-boxed e-con e-child\" data-id=\"053b0cc\" data-element_type=\"container\">\n\t\t\t\t\t<div class=\"e-con-inner\">\n\t\t\t\t<div class=\"elementor-element elementor-element-30ea46d elementor-widget__width-auto elementor-widget elementor-widget-wd_button\" data-id=\"30ea46d\" data-element_type=\"widget\" data-widget_type=\"wd_button.default\">\n\t\t\t\t<div class=\"elementor-widget-container\">\n\t\t\t\t\t\t\t<div class=\"wd-button-wrapper text-center\" >\n\t\t\t<a class=\"btn btn-style-bordered btn-style-rectangle btn-size-default btn-color-white btn-icon-pos-right\"  href=\"https:\/\/cavannidesign.com\/product-tag\/boston-customize\/\">\n\t\t\t\t<span class=\"wd-btn-text\" data-elementor-setting-key=\"text\">\n\t\t\t\t\tPRODUCTOS PERSONALIZADOS\t\t\t\t<\/span>\n\n\t\t\t\t\t\t\t<\/a>\n\t\t<\/div>\n\t\t\t\t\t\t<\/div>\n\t\t\t\t<\/div>\n\t\t\t\t<div class=\"elementor-element elementor-element-429caae elementor-widget__width-auto elementor-widget elementor-widget-wd_button\" data-id=\"429caae\" data-element_type=\"widget\" data-widget_type=\"wd_button.default\">\n\t\t\t\t<div class=\"elementor-widget-container\">\n\t\t\t\t\t\t\t<div class=\"wd-button-wrapper text-center\" >\n\t\t\t<a class=\"btn btn-style-default btn-style-rectangle btn-size-default btn-color-white btn-icon-pos-right\"  href=\"https:\/\/cavannidesign.com\/shop\/?filter_brand=boston\">\n\t\t\t\t<span class=\"wd-btn-text\" data-elementor-setting-key=\"text\">\n\t\t\t\t\tVER COLECCI\u00d3N\t\t\t\t<\/span>\n\n\t\t\t\t\t\t\t<\/a>\n\t\t<\/div>\n\t\t\t\t\t\t<\/div>\n\t\t\t\t<\/div>\n\t\t\t\t\t<\/div>\n\t\t\t\t<\/div>\n\t\t\t\t<\/div>\n\t\t\t\t\t<\/div>\n\t\t\t\t<\/div>\n\t\t<div class=\"wd-negative-gap elementor-element elementor-element-eaf21bc wd-section-stretch e-flex e-con-boxed e-con e-parent\" data-id=\"eaf21bc\" data-element_type=\"container\" data-settings=\"{&quot;background_background&quot;:&quot;classic&quot;}\">\n\t\t\t\t\t<div class=\"e-con-inner\">\n\t\t<div class=\"elementor-element elementor-element-bb29f63 wd_scroll_x_0 wd_scroll_y_-40 wd_scroll_z_0 wd-parallax-on-scroll e-con-full e-flex wd_scroll_smoothness_30 e-con e-child\" data-id=\"bb29f63\" data-element_type=\"container\">\n\t\t\t\t<div class=\"elementor-element elementor-element-6164746 elementor-widget elementor-widget-image\" data-id=\"6164746\" data-element_type=\"widget\" data-widget_type=\"image.default\">\n\t\t\t\t<div class=\"elementor-widget-container\">\n\t\t\t\t\t\t\t\t\t\t\t\t\t\t\t<img decoding=\"async\" width=\"180\" height=\"100\" src=\"https:\/\/cavannidesign.com\/wp-content\/uploads\/2024\/09\/brand-montecarlo-WHITE.png\" class=\"attachment-full size-full wp-image-16500\" alt=\"\" srcset=\"https:\/\/cavannidesign.com\/wp-content\/uploads\/2024\/09\/brand-montecarlo-WHITE.png 180w, https:\/\/cavannidesign.com\/wp-content\/uploads\/2024\/09\/brand-montecarlo-WHITE-150x83.png 150w\" sizes=\"(max-width: 180px) 100vw, 180px\" \/>\t\t\t\t\t\t\t\t\t\t\t\t\t\t\t<\/div>\n\t\t\t\t<\/div>\n\t\t\t\t<div class=\"elementor-element elementor-element-c307bf2 wd-width-100 elementor-widget elementor-widget-wd_title\" data-id=\"c307bf2\" data-element_type=\"widget\" data-widget_type=\"wd_title.default\">\n\t\t\t\t<div class=\"elementor-widget-container\">\n\t\t\t\t\t\t\t<div class=\"title-wrapper set-mb-s reset-last-child wd-title-color-white wd-title-style-default wd-title-size-extra-large text-left\">\n\n\t\t\t\n\t\t\t<div class=\"liner-continer\">\n\t\t\t\t<h4 class=\"woodmart-title-container title wd-fontsize-xxxl\">EL LUJO AL AIRE LIBRE REDEFINIDO<\/h4> \n\t\t\t\t\t\t\t<\/div>\n\n\t\t\t\t\t\t\t<div class=\"title-after_title set-cont-mb-s reset-last-child wd-fontsize-s\">\n\t\t\t\t\t<p>Inspirada en la opulencia de Montecarlo, esta colecci\u00f3n ofrece un lujo incomparable para tus espacios al aire libre, creando una atm\u00f3sfera de sofisticaci\u00f3n y relajaci\u00f3n. Cada pieza est\u00e1 dise\u00f1ada con una meticulosa atenci\u00f3n al detalle, combinando comodidad y elegancia para transformar cualquier terraza, patio o jard\u00edn en un refugio extraordinario.<\/p>\t\t\t\t<\/div>\n\t\t\t\t\t<\/div>\n\t\t\t\t\t\t<\/div>\n\t\t\t\t<\/div>\n\t\t<div class=\"wd-negative-gap elementor-element elementor-element-44e2f67 e-flex e-con-boxed e-con e-child\" data-id=\"44e2f67\" data-element_type=\"container\">\n\t\t\t\t\t<div class=\"e-con-inner\">\n\t\t\t\t<div class=\"elementor-element elementor-element-e212c2c elementor-widget__width-auto elementor-widget elementor-widget-wd_button\" data-id=\"e212c2c\" data-element_type=\"widget\" data-widget_type=\"wd_button.default\">\n\t\t\t\t<div class=\"elementor-widget-container\">\n\t\t\t\t\t\t\t<div class=\"wd-button-wrapper text-center\" >\n\t\t\t<a class=\"btn btn-style-default btn-style-rectangle btn-size-default btn-color-white btn-icon-pos-right\"  href=\"https:\/\/cavannidesign.com\/product-tag\/montecarlo-customize\/\">\n\t\t\t\t<span class=\"wd-btn-text\" data-elementor-setting-key=\"text\">\n\t\t\t\t\tPRODUCTOS PERSONALIZADOS\t\t\t\t<\/span>\n\n\t\t\t\t\t\t\t<\/a>\n\t\t<\/div>\n\t\t\t\t\t\t<\/div>\n\t\t\t\t<\/div>\n\t\t\t\t<div class=\"elementor-element elementor-element-b5f3082 elementor-widget__width-auto elementor-widget elementor-widget-wd_button\" data-id=\"b5f3082\" data-element_type=\"widget\" data-widget_type=\"wd_button.default\">\n\t\t\t\t<div class=\"elementor-widget-container\">\n\t\t\t\t\t\t\t<div class=\"wd-button-wrapper text-center\" >\n\t\t\t<a class=\"btn btn-style-bordered btn-style-rectangle btn-size-default btn-color-white btn-icon-pos-right\"  href=\"https:\/\/cavannidesign.com\/shop\/?filter_brand=montecarlo\">\n\t\t\t\t<span class=\"wd-btn-text\" data-elementor-setting-key=\"text\">\n\t\t\t\t\tVER COLECCI\u00d3N\t\t\t\t<\/span>\n\n\t\t\t\t\t\t\t<\/a>\n\t\t<\/div>\n\t\t\t\t\t\t<\/div>\n\t\t\t\t<\/div>\n\t\t\t\t\t<\/div>\n\t\t\t\t<\/div>\n\t\t\t\t<\/div>\n\t\t\t\t\t<\/div>\n\t\t\t\t<\/div>\n\t\t<div class=\"wd-negative-gap elementor-element elementor-element-55d8112 wd-section-stretch test e-flex e-con-boxed e-con e-parent\" data-id=\"55d8112\" data-element_type=\"container\" data-settings=\"{&quot;background_background&quot;:&quot;classic&quot;}\">\n\t\t\t\t\t<div class=\"e-con-inner\">\n\t\t<div class=\"elementor-element elementor-element-dfa9079 wd_scroll_x_0 wd_scroll_y_-40 wd_scroll_z_0 wd-parallax-on-scroll e-con-full e-flex wd_scroll_smoothness_30 e-con e-child\" data-id=\"dfa9079\" data-element_type=\"container\">\n\t\t\t\t<div class=\"elementor-element elementor-element-a7952d4 elementor-widget elementor-widget-image\" data-id=\"a7952d4\" data-element_type=\"widget\" data-widget_type=\"image.default\">\n\t\t\t\t<div class=\"elementor-widget-container\">\n\t\t\t\t\t\t\t\t\t\t\t\t\t\t\t<img loading=\"lazy\" decoding=\"async\" width=\"180\" height=\"100\" src=\"https:\/\/cavannidesign.com\/wp-content\/uploads\/2024\/09\/brand-bamboo-WHITE.png\" class=\"attachment-full size-full wp-image-16502\" alt=\"\" srcset=\"https:\/\/cavannidesign.com\/wp-content\/uploads\/2024\/09\/brand-bamboo-WHITE.png 180w, https:\/\/cavannidesign.com\/wp-content\/uploads\/2024\/09\/brand-bamboo-WHITE-150x83.png 150w\" sizes=\"(max-width: 180px) 100vw, 180px\" \/>\t\t\t\t\t\t\t\t\t\t\t\t\t\t\t<\/div>\n\t\t\t\t<\/div>\n\t\t\t\t<div class=\"elementor-element elementor-element-9215d81 wd-width-100 elementor-widget elementor-widget-wd_title\" data-id=\"9215d81\" data-element_type=\"widget\" data-widget_type=\"wd_title.default\">\n\t\t\t\t<div class=\"elementor-widget-container\">\n\t\t\t\t\t\t\t<div class=\"title-wrapper set-mb-s reset-last-child wd-title-color-white wd-title-style-default wd-title-size-extra-large text-left\">\n\n\t\t\t\n\t\t\t<div class=\"liner-continer\">\n\t\t\t\t<h4 class=\"woodmart-title-container title wd-fontsize-xxxl\">ELEGANCIA NATURAL PARA TU REFUGIO AL AIRE LIBRE<\/h4> \n\t\t\t\t\t\t\t<\/div>\n\n\t\t\t\t\t\t\t<div class=\"title-after_title set-cont-mb-s reset-last-child wd-fontsize-s\">\n\t\t\t\t\t<p>Dise\u00f1ada para llevar la serenidad de la est\u00e9tica inspirada en el bamb\u00fa a tus espacios al aire libre, esta colecci\u00f3n combina materiales naturales con una artesan\u00eda moderna para crear un entorno armonioso y elegante.<\/p>\t\t\t\t<\/div>\n\t\t\t\t\t<\/div>\n\t\t\t\t\t\t<\/div>\n\t\t\t\t<\/div>\n\t\t<div class=\"wd-negative-gap elementor-element elementor-element-faaa9c5 e-flex e-con-boxed e-con e-child\" data-id=\"faaa9c5\" data-element_type=\"container\">\n\t\t\t\t\t<div class=\"e-con-inner\">\n\t\t\t\t<div class=\"elementor-element elementor-element-488c944 elementor-widget__width-auto elementor-hidden-desktop elementor-hidden-tablet elementor-hidden-mobile elementor-widget elementor-widget-wd_button\" data-id=\"488c944\" data-element_type=\"widget\" data-widget_type=\"wd_button.default\">\n\t\t\t\t<div class=\"elementor-widget-container\">\n\t\t\t\t\t\t\t<div class=\"wd-button-wrapper text-center\" >\n\t\t\t<a class=\"btn btn-style-bordered btn-style-rectangle btn-size-default btn-color-white btn-icon-pos-right\"  href=\"#\">\n\t\t\t\t<span class=\"wd-btn-text\" data-elementor-setting-key=\"text\">\n\t\t\t\t\tVIEW CUSTOM PRODUCTS\t\t\t\t<\/span>\n\n\t\t\t\t\t\t\t<\/a>\n\t\t<\/div>\n\t\t\t\t\t\t<\/div>\n\t\t\t\t<\/div>\n\t\t\t\t<div class=\"elementor-element elementor-element-318b590 elementor-widget__width-auto elementor-widget elementor-widget-wd_button\" data-id=\"318b590\" data-element_type=\"widget\" data-widget_type=\"wd_button.default\">\n\t\t\t\t<div class=\"elementor-widget-container\">\n\t\t\t\t\t\t\t<div class=\"wd-button-wrapper text-center\" >\n\t\t\t<a class=\"btn btn-style-default btn-style-rectangle btn-size-default btn-color-white btn-icon-pos-right\"  href=\"https:\/\/cavannidesign.com\/shop\/?filter_brand=bamboo\">\n\t\t\t\t<span class=\"wd-btn-text\" data-elementor-setting-key=\"text\">\n\t\t\t\t\tVER COLECCI\u00d3N\t\t\t\t<\/span>\n\n\t\t\t\t\t\t\t<\/a>\n\t\t<\/div>\n\t\t\t\t\t\t<\/div>\n\t\t\t\t<\/div>\n\t\t\t\t\t<\/div>\n\t\t\t\t<\/div>\n\t\t\t\t<\/div>\n\t\t\t\t\t<\/div>\n\t\t\t\t<\/div>\n\t\t<div class=\"wd-negative-gap elementor-element elementor-element-a3b7cc3 wd-section-stretch e-flex e-con-boxed e-con e-parent\" data-id=\"a3b7cc3\" data-element_type=\"container\" data-settings=\"{&quot;background_background&quot;:&quot;classic&quot;}\">\n\t\t\t\t\t<div class=\"e-con-inner\">\n\t\t<div class=\"elementor-element elementor-element-c4a6863 wd_scroll_x_0 wd_scroll_y_-40 wd_scroll_z_0 wd-parallax-on-scroll e-con-full e-flex wd_scroll_smoothness_30 e-con e-child\" data-id=\"c4a6863\" data-element_type=\"container\">\n\t\t\t\t<div class=\"elementor-element elementor-element-9e3d491 elementor-widget elementor-widget-image\" data-id=\"9e3d491\" data-element_type=\"widget\" data-widget_type=\"image.default\">\n\t\t\t\t<div class=\"elementor-widget-container\">\n\t\t\t\t\t\t\t\t\t\t\t\t\t\t\t<img loading=\"lazy\" decoding=\"async\" width=\"180\" height=\"100\" src=\"https:\/\/cavannidesign.com\/wp-content\/uploads\/2024\/09\/brand-bahamas-WHITE.png\" class=\"attachment-full size-full wp-image-16504\" alt=\"\" srcset=\"https:\/\/cavannidesign.com\/wp-content\/uploads\/2024\/09\/brand-bahamas-WHITE.png 180w, https:\/\/cavannidesign.com\/wp-content\/uploads\/2024\/09\/brand-bahamas-WHITE-150x83.png 150w\" sizes=\"(max-width: 180px) 100vw, 180px\" \/>\t\t\t\t\t\t\t\t\t\t\t\t\t\t\t<\/div>\n\t\t\t\t<\/div>\n\t\t\t\t<div class=\"elementor-element elementor-element-f946193 wd-width-100 elementor-widget elementor-widget-wd_title\" data-id=\"f946193\" data-element_type=\"widget\" data-widget_type=\"wd_title.default\">\n\t\t\t\t<div class=\"elementor-widget-container\">\n\t\t\t\t\t\t\t<div class=\"title-wrapper set-mb-s reset-last-child wd-title-color-white wd-title-style-default wd-title-size-extra-large text-left\">\n\n\t\t\t\n\t\t\t<div class=\"liner-continer\">\n\t\t\t\t<h4 class=\"woodmart-title-container title wd-fontsize-xxxl\">ESTILO TROPICAL CHIC PARA UNA VIDA AL AIRE LIBRE RELAJADA<\/h4> \n\t\t\t\t\t\t\t<\/div>\n\n\t\t\t\t\t\t\t<div class=\"title-after_title set-cont-mb-s reset-last-child wd-fontsize-s\">\n\t\t\t\t\t<p>Perfecta para crear un escape sereno en tu propio jard\u00edn, la Colecci\u00f3n Bahamas combina comodidad relajada con un dise\u00f1o elegante.<\/p>\t\t\t\t<\/div>\n\t\t\t\t\t<\/div>\n\t\t\t\t\t\t<\/div>\n\t\t\t\t<\/div>\n\t\t<div class=\"wd-negative-gap elementor-element elementor-element-b2bfd31 e-flex e-con-boxed e-con e-child\" data-id=\"b2bfd31\" data-element_type=\"container\">\n\t\t\t\t\t<div class=\"e-con-inner\">\n\t\t\t\t<div class=\"elementor-element elementor-element-e0d19b5 elementor-widget__width-auto elementor-widget elementor-widget-wd_button\" data-id=\"e0d19b5\" data-element_type=\"widget\" data-widget_type=\"wd_button.default\">\n\t\t\t\t<div class=\"elementor-widget-container\">\n\t\t\t\t\t\t\t<div class=\"wd-button-wrapper text-center\" >\n\t\t\t<a class=\"btn btn-style-default btn-style-rectangle btn-size-default btn-color-white btn-icon-pos-right\"  href=\"https:\/\/cavannidesign.com\/product-tag\/bahamas-customize\/\">\n\t\t\t\t<span class=\"wd-btn-text\" data-elementor-setting-key=\"text\">\n\t\t\t\t\tPRODUCTOS PERSONALIZADOS\t\t\t\t<\/span>\n\n\t\t\t\t\t\t\t<\/a>\n\t\t<\/div>\n\t\t\t\t\t\t<\/div>\n\t\t\t\t<\/div>\n\t\t\t\t<div class=\"elementor-element elementor-element-811465a elementor-widget__width-auto elementor-widget elementor-widget-wd_button\" data-id=\"811465a\" data-element_type=\"widget\" data-widget_type=\"wd_button.default\">\n\t\t\t\t<div class=\"elementor-widget-container\">\n\t\t\t\t\t\t\t<div class=\"wd-button-wrapper text-center\" >\n\t\t\t<a class=\"btn btn-style-bordered btn-style-rectangle btn-size-default btn-color-white btn-icon-pos-right\"  href=\"https:\/\/cavannidesign.com\/shop\/?filter_brand=bahamas\">\n\t\t\t\t<span class=\"wd-btn-text\" data-elementor-setting-key=\"text\">\n\t\t\t\t\tVER COLECCI\u00d3N\t\t\t\t<\/span>\n\n\t\t\t\t\t\t\t<\/a>\n\t\t<\/div>\n\t\t\t\t\t\t<\/div>\n\t\t\t\t<\/div>\n\t\t\t\t\t<\/div>\n\t\t\t\t<\/div>\n\t\t\t\t<\/div>\n\t\t\t\t\t<\/div>\n\t\t\t\t<\/div>\n\t\t\t\t<\/div>\n\t\t","protected":false},"excerpt":{"rendered":"<p>MUEBLES ELEGANTES &amp; CREATIVOS La elegancia se encuentra con la funcionalidad en cada pieza. Dise\u00f1ados cuidadosamente para la vida moderna,<\/p>\n","protected":false},"author":1,"featured_media":0,"parent":0,"menu_order":0,"comment_status":"closed","ping_status":"closed","template":"","meta":{"footnotes":""},"class_list":["post-31660","page","type-page","status-publish","hentry"],"_links":{"self":[{"href":"https:\/\/cavannidesign.com\/es\/wp-json\/wp\/v2\/pages\/31660","targetHints":{"allow":["GET"]}}],"collection":[{"href":"https:\/\/cavannidesign.com\/es\/wp-json\/wp\/v2\/pages"}],"about":[{"href":"https:\/\/cavannidesign.com\/es\/wp-json\/wp\/v2\/types\/page"}],"author":[{"embeddable":true,"href":"https:\/\/cavannidesign.com\/es\/wp-json\/wp\/v2\/users\/1"}],"replies":[{"embeddable":true,"href":"https:\/\/cavannidesign.com\/es\/wp-json\/wp\/v2\/comments?post=31660"}],"version-history":[{"count":24,"href":"https:\/\/cavannidesign.com\/es\/wp-json\/wp\/v2\/pages\/31660\/revisions"}],"predecessor-version":[{"id":31994,"href":"https:\/\/cavannidesign.com\/es\/wp-json\/wp\/v2\/pages\/31660\/revisions\/31994"}],"wp:attachment":[{"href":"https:\/\/cavannidesign.com\/es\/wp-json\/wp\/v2\/media?parent=31660"}],"curies":[{"name":"wp","href":"https:\/\/api.w.org\/{rel}","templated":true}]}}